{"id":1374,"date":"2025-03-10T12:53:47","date_gmt":"2025-03-10T11:53:47","guid":{"rendered":"https:\/\/animafusters.com\/servicios-de-carpinteria-en-tarragona\/"},"modified":"2025-03-10T12:53:47","modified_gmt":"2025-03-10T11:53:47","slug":"servicios-de-carpinteria-en-tarragona","status":"publish","type":"page","link":"https:\/\/animafusters.com\/es\/servicios-de-carpinteria-en-tarragona\/","title":{"rendered":"Servicios de carpinter\u00eda en Tarragona"},"content":{"rendered":"\t\t<div data-elementor-type=\"wp-page\" data-elementor-id=\"1374\" class=\"elementor elementor-1374 elementor-21\" data-elementor-post-type=\"page\">\n\t\t\t\t<div class=\"elementor-element elementor-element-4c51a17 e-con-full e-flex e-con e-parent\" data-id=\"4c51a17\" data-element_type=\"container\" data-e-type=\"container\" data-settings=\"{&quot;background_background&quot;:&quot;classic&quot;}\">\n\t\t<div class=\"elementor-element elementor-element-58b6087 e-flex e-con-boxed e-con e-child\" data-id=\"58b6087\" data-element_type=\"container\" data-e-type=\"container\">\n\t\t\t\t\t<div class=\"e-con-inner\">\n\t\t\t\t<div class=\"elementor-element elementor-element-a21baa7 elementor-widget__width-inherit elementor-widget elementor-widget-heading\" data-id=\"a21baa7\" data-element_type=\"widget\" data-e-type=\"widget\" data-widget_type=\"heading.default\">\n\t\t\t\t<div class=\"elementor-widget-container\">\n\t\t\t\t\t<h2 class=\"elementor-heading-title elementor-size-default\">Els nostres serveis<br \/>\nde fusteria i ebenisteria.<\/h2>\t\t\t\t<\/div>\n\t\t\t\t<\/div>\n\t\t\t\t\t<\/div>\n\t\t\t\t<\/div>\n\t\t<div class=\"elementor-element elementor-element-b1a2758 e-flex e-con-boxed e-con e-child\" data-id=\"b1a2758\" data-element_type=\"container\" data-e-type=\"container\">\n\t\t\t\t\t<div class=\"e-con-inner\">\n\t\t\t\t<div class=\"elementor-element elementor-element-7e476ad elementor-align-right elementor-mobile-align-left animated-slow elementor-invisible elementor-widget elementor-widget-button\" data-id=\"7e476ad\" data-element_type=\"widget\" data-e-type=\"widget\" data-settings=\"{&quot;_animation&quot;:&quot;fadeInUp&quot;}\" data-widget_type=\"button.default\">\n\t\t\t\t<div class=\"elementor-widget-container\">\n\t\t\t\t\t\t\t\t\t<div class=\"elementor-button-wrapper\">\n\t\t\t\t\t<a class=\"elementor-button elementor-button-link elementor-size-sm\" href=\"#\">\n\t\t\t\t\t\t<span class=\"elementor-button-content-wrapper\">\n\t\t\t\t\t\t\t\t\t<span class=\"elementor-button-text\">Estem a la teva disposici\u00f3. &gt;&gt;<\/span>\n\t\t\t\t\t<\/span>\n\t\t\t\t\t<\/a>\n\t\t\t\t<\/div>\n\t\t\t\t\t\t\t\t<\/div>\n\t\t\t\t<\/div>\n\t\t\t\t\t<\/div>\n\t\t\t\t<\/div>\n\t\t\t\t<\/div>\n\t\t<div class=\"elementor-element elementor-element-6ef85ad e-con-full e-flex e-con e-parent\" data-id=\"6ef85ad\" data-element_type=\"container\" data-e-type=\"container\" data-settings=\"{&quot;background_background&quot;:&quot;classic&quot;}\">\n\t\t<div class=\"elementor-element elementor-element-29f314b animated-slow servei e-flex e-con-boxed elementor-invisible e-con e-child\" data-id=\"29f314b\" data-element_type=\"container\" data-e-type=\"container\" data-settings=\"{&quot;background_background&quot;:&quot;classic&quot;,&quot;animation&quot;:&quot;fadeIn&quot;,&quot;animation_delay&quot;:300}\">\n\t\t\t\t\t<div class=\"e-con-inner\">\n\t\t\t\t<div class=\"elementor-element elementor-element-2ae5fa8 elementor-widget elementor-widget-image\" data-id=\"2ae5fa8\" data-element_type=\"widget\" data-e-type=\"widget\" data-widget_type=\"image.default\">\n\t\t\t\t<div class=\"elementor-widget-container\">\n\t\t\t\t\t\t\t\t\t\t\t\t\t\t\t<img fetchpriority=\"high\" decoding=\"async\" width=\"1920\" height=\"2560\" src=\"https:\/\/animafusters.com\/wp-content\/uploads\/2025\/03\/collov-home-design-aDGbdTsBZg-unsplash-copia-scaled.webp\" class=\"attachment-full size-full wp-image-694\" alt=\"\" srcset=\"https:\/\/animafusters.com\/wp-content\/uploads\/2025\/03\/collov-home-design-aDGbdTsBZg-unsplash-copia-scaled.webp 1920w, https:\/\/animafusters.com\/wp-content\/uploads\/2025\/03\/collov-home-design-aDGbdTsBZg-unsplash-copia-225x300.webp 225w, https:\/\/animafusters.com\/wp-content\/uploads\/2025\/03\/collov-home-design-aDGbdTsBZg-unsplash-copia-768x1024.webp 768w, https:\/\/animafusters.com\/wp-content\/uploads\/2025\/03\/collov-home-design-aDGbdTsBZg-unsplash-copia-1152x1536.webp 1152w, https:\/\/animafusters.com\/wp-content\/uploads\/2025\/03\/collov-home-design-aDGbdTsBZg-unsplash-copia-1536x2048.webp 1536w\" sizes=\"(max-width: 1920px) 100vw, 1920px\" title=\"\">\t\t\t\t\t\t\t\t\t\t\t\t\t\t\t<\/div>\n\t\t\t\t<\/div>\n\t\t<div class=\"elementor-element elementor-element-64c5083 e-con-full e-flex e-con e-child\" data-id=\"64c5083\" data-element_type=\"container\" data-e-type=\"container\">\n\t\t\t\t<div class=\"elementor-element elementor-element-d5a098e elementor-widget__width-inherit elementor-widget elementor-widget-heading\" data-id=\"d5a098e\" data-element_type=\"widget\" data-e-type=\"widget\" data-widget_type=\"heading.default\">\n\t\t\t\t<div class=\"elementor-widget-container\">\n\t\t\t\t\t<h2 class=\"elementor-heading-title elementor-size-default\">Cuines a mida.<\/h2>\t\t\t\t<\/div>\n\t\t\t\t<\/div>\n\t\t\t\t<div class=\"elementor-element elementor-element-7473b17 elementor-widget elementor-widget-text-editor\" data-id=\"7473b17\" data-element_type=\"widget\" data-e-type=\"widget\" data-widget_type=\"text-editor.default\">\n\t\t\t\t<div class=\"elementor-widget-container\">\n\t\t\t\t\t\t\t\t\tDissenys personalitzats que combinen est\u00e8tica i funcionalitat, adaptats a les necessitats i gustos de cada client.\t\t\t\t\t\t\t\t<\/div>\n\t\t\t\t<\/div>\n\t\t\t\t<\/div>\n\t\t\t\t\t<\/div>\n\t\t\t\t<\/div>\n\t\t<div class=\"elementor-element elementor-element-4382046 animated-slow servei e-flex e-con-boxed elementor-invisible e-con e-child\" data-id=\"4382046\" data-element_type=\"container\" data-e-type=\"container\" data-settings=\"{&quot;background_background&quot;:&quot;classic&quot;,&quot;animation&quot;:&quot;fadeIn&quot;,&quot;animation_delay&quot;:300}\">\n\t\t\t\t\t<div class=\"e-con-inner\">\n\t\t\t\t<div class=\"elementor-element elementor-element-38eb15c elementor-widget elementor-widget-image\" data-id=\"38eb15c\" data-element_type=\"widget\" data-e-type=\"widget\" data-widget_type=\"image.default\">\n\t\t\t\t<div class=\"elementor-widget-container\">\n\t\t\t\t\t\t\t\t\t\t\t\t\t\t\t<img decoding=\"async\" width=\"2000\" height=\"2500\" src=\"https:\/\/animafusters.com\/wp-content\/uploads\/2025\/03\/bilal-mansuri-RHARVor_ydc-unsplash-copia.webp\" class=\"attachment-full size-full wp-image-702\" alt=\"\" srcset=\"https:\/\/animafusters.com\/wp-content\/uploads\/2025\/03\/bilal-mansuri-RHARVor_ydc-unsplash-copia.webp 2000w, https:\/\/animafusters.com\/wp-content\/uploads\/2025\/03\/bilal-mansuri-RHARVor_ydc-unsplash-copia-240x300.webp 240w, https:\/\/animafusters.com\/wp-content\/uploads\/2025\/03\/bilal-mansuri-RHARVor_ydc-unsplash-copia-819x1024.webp 819w, https:\/\/animafusters.com\/wp-content\/uploads\/2025\/03\/bilal-mansuri-RHARVor_ydc-unsplash-copia-768x960.webp 768w, https:\/\/animafusters.com\/wp-content\/uploads\/2025\/03\/bilal-mansuri-RHARVor_ydc-unsplash-copia-1229x1536.webp 1229w, https:\/\/animafusters.com\/wp-content\/uploads\/2025\/03\/bilal-mansuri-RHARVor_ydc-unsplash-copia-1638x2048.webp 1638w\" sizes=\"(max-width: 2000px) 100vw, 2000px\" title=\"\">\t\t\t\t\t\t\t\t\t\t\t\t\t\t\t<\/div>\n\t\t\t\t<\/div>\n\t\t<div class=\"elementor-element elementor-element-c275b5b e-con-full e-flex e-con e-child\" data-id=\"c275b5b\" data-element_type=\"container\" data-e-type=\"container\">\n\t\t<div class=\"elementor-element elementor-element-d5d8a16 e-con-full e-flex e-con e-child\" data-id=\"d5d8a16\" data-element_type=\"container\" data-e-type=\"container\">\n\t\t\t\t<div class=\"elementor-element elementor-element-3153100 elementor-widget__width-inherit elementor-widget elementor-widget-heading\" data-id=\"3153100\" data-element_type=\"widget\" data-e-type=\"widget\" data-widget_type=\"heading.default\">\n\t\t\t\t<div class=\"elementor-widget-container\">\n\t\t\t\t\t<h2 class=\"elementor-heading-title elementor-size-default\">Armaris i vestidors.<\/h2>\t\t\t\t<\/div>\n\t\t\t\t<\/div>\n\t\t\t\t<div class=\"elementor-element elementor-element-88dbaa2 elementor-widget elementor-widget-text-editor\" data-id=\"88dbaa2\" data-element_type=\"widget\" data-e-type=\"widget\" data-widget_type=\"text-editor.default\">\n\t\t\t\t<div class=\"elementor-widget-container\">\n\t\t\t\t\t\t\t\t\tSolucions d&#8217;emmagatzematge eficients i elegants, optimitzant l&#8217;espai disponible.\n\n\t\t\t\t\t\t\t\t<\/div>\n\t\t\t\t<\/div>\n\t\t\t\t<\/div>\n\t\t\t\t<\/div>\n\t\t\t\t\t<\/div>\n\t\t\t\t<\/div>\n\t\t<div class=\"elementor-element elementor-element-85c02e7 animated-slow servei e-flex e-con-boxed elementor-invisible e-con e-child\" data-id=\"85c02e7\" data-element_type=\"container\" data-e-type=\"container\" data-settings=\"{&quot;background_background&quot;:&quot;classic&quot;,&quot;animation&quot;:&quot;fadeIn&quot;,&quot;animation_delay&quot;:300}\">\n\t\t\t\t\t<div class=\"e-con-inner\">\n\t\t\t\t<div class=\"elementor-element elementor-element-918d2b0 elementor-widget elementor-widget-image\" data-id=\"918d2b0\" data-element_type=\"widget\" data-e-type=\"widget\" data-widget_type=\"image.default\">\n\t\t\t\t<div class=\"elementor-widget-container\">\n\t\t\t\t\t\t\t\t\t\t\t\t\t\t\t<img decoding=\"async\" width=\"2560\" height=\"2560\" src=\"https:\/\/animafusters.com\/wp-content\/uploads\/2025\/03\/tile-merchant-ireland-OppZg8nWH2M-unsplash-copia-scaled.webp\" class=\"attachment-full size-full wp-image-701\" alt=\"\" srcset=\"https:\/\/animafusters.com\/wp-content\/uploads\/2025\/03\/tile-merchant-ireland-OppZg8nWH2M-unsplash-copia-scaled.webp 2560w, https:\/\/animafusters.com\/wp-content\/uploads\/2025\/03\/tile-merchant-ireland-OppZg8nWH2M-unsplash-copia-300x300.webp 300w, https:\/\/animafusters.com\/wp-content\/uploads\/2025\/03\/tile-merchant-ireland-OppZg8nWH2M-unsplash-copia-1024x1024.webp 1024w, https:\/\/animafusters.com\/wp-content\/uploads\/2025\/03\/tile-merchant-ireland-OppZg8nWH2M-unsplash-copia-150x150.webp 150w, https:\/\/animafusters.com\/wp-content\/uploads\/2025\/03\/tile-merchant-ireland-OppZg8nWH2M-unsplash-copia-768x768.webp 768w, https:\/\/animafusters.com\/wp-content\/uploads\/2025\/03\/tile-merchant-ireland-OppZg8nWH2M-unsplash-copia-1536x1536.webp 1536w, https:\/\/animafusters.com\/wp-content\/uploads\/2025\/03\/tile-merchant-ireland-OppZg8nWH2M-unsplash-copia-2048x2048.webp 2048w\" sizes=\"(max-width: 2560px) 100vw, 2560px\" title=\"\">\t\t\t\t\t\t\t\t\t\t\t\t\t\t\t<\/div>\n\t\t\t\t<\/div>\n\t\t<div class=\"elementor-element elementor-element-f07031e e-con-full e-flex e-con e-child\" data-id=\"f07031e\" data-element_type=\"container\" data-e-type=\"container\">\n\t\t\t\t<div class=\"elementor-element elementor-element-4499edf elementor-widget__width-inherit elementor-widget elementor-widget-heading\" data-id=\"4499edf\" data-element_type=\"widget\" data-e-type=\"widget\" data-widget_type=\"heading.default\">\n\t\t\t\t<div class=\"elementor-widget-container\">\n\t\t\t\t\t<h2 class=\"elementor-heading-title elementor-size-default\">Mobles a mida.<\/h2>\t\t\t\t<\/div>\n\t\t\t\t<\/div>\n\t\t\t\t<div class=\"elementor-element elementor-element-3de2a73 elementor-widget elementor-widget-text-editor\" data-id=\"3de2a73\" data-element_type=\"widget\" data-e-type=\"widget\" data-widget_type=\"text-editor.default\">\n\t\t\t\t<div class=\"elementor-widget-container\">\n\t\t\t\t\t\t\t\t\tPe\u00e7es \u00faniques que aporten calidesa i estil a qualsevol ambient.\t\t\t\t\t\t\t\t<\/div>\n\t\t\t\t<\/div>\n\t\t\t\t<\/div>\n\t\t\t\t\t<\/div>\n\t\t\t\t<\/div>\n\t\t<div class=\"elementor-element elementor-element-bb8a7d2 animated-slow servei e-flex e-con-boxed elementor-invisible e-con e-child\" data-id=\"bb8a7d2\" data-element_type=\"container\" data-e-type=\"container\" data-settings=\"{&quot;background_background&quot;:&quot;classic&quot;,&quot;animation&quot;:&quot;fadeIn&quot;,&quot;animation_delay&quot;:300}\">\n\t\t\t\t\t<div class=\"e-con-inner\">\n\t\t\t\t<div class=\"elementor-element elementor-element-a5f34df elementor-widget elementor-widget-image\" data-id=\"a5f34df\" data-element_type=\"widget\" data-e-type=\"widget\" data-widget_type=\"image.default\">\n\t\t\t\t<div class=\"elementor-widget-container\">\n\t\t\t\t\t\t\t\t\t\t\t\t\t\t\t<img loading=\"lazy\" decoding=\"async\" width=\"1707\" height=\"2560\" src=\"https:\/\/animafusters.com\/wp-content\/uploads\/2025\/03\/jonathan-borba-fUSb6H6oeis-unsplash-copia-scaled.webp\" class=\"attachment-full size-full wp-image-698\" alt=\"\" srcset=\"https:\/\/animafusters.com\/wp-content\/uploads\/2025\/03\/jonathan-borba-fUSb6H6oeis-unsplash-copia-scaled.webp 1707w, https:\/\/animafusters.com\/wp-content\/uploads\/2025\/03\/jonathan-borba-fUSb6H6oeis-unsplash-copia-200x300.webp 200w, https:\/\/animafusters.com\/wp-content\/uploads\/2025\/03\/jonathan-borba-fUSb6H6oeis-unsplash-copia-683x1024.webp 683w, https:\/\/animafusters.com\/wp-content\/uploads\/2025\/03\/jonathan-borba-fUSb6H6oeis-unsplash-copia-768x1152.webp 768w, https:\/\/animafusters.com\/wp-content\/uploads\/2025\/03\/jonathan-borba-fUSb6H6oeis-unsplash-copia-1024x1536.webp 1024w, https:\/\/animafusters.com\/wp-content\/uploads\/2025\/03\/jonathan-borba-fUSb6H6oeis-unsplash-copia-1365x2048.webp 1365w\" sizes=\"(max-width: 1707px) 100vw, 1707px\" title=\"\">\t\t\t\t\t\t\t\t\t\t\t\t\t\t\t<\/div>\n\t\t\t\t<\/div>\n\t\t<div class=\"elementor-element elementor-element-4e8ccc7 e-con-full e-flex e-con e-child\" data-id=\"4e8ccc7\" data-element_type=\"container\" data-e-type=\"container\">\n\t\t\t\t<div class=\"elementor-element elementor-element-e9435e6 elementor-widget__width-inherit elementor-widget elementor-widget-heading\" data-id=\"e9435e6\" data-element_type=\"widget\" data-e-type=\"widget\" data-widget_type=\"heading.default\">\n\t\t\t\t<div class=\"elementor-widget-container\">\n\t\t\t\t\t<h2 class=\"elementor-heading-title elementor-size-default\">Fusteria exterior.<\/h2>\t\t\t\t<\/div>\n\t\t\t\t<\/div>\n\t\t\t\t<div class=\"elementor-element elementor-element-a8430c2 elementor-widget elementor-widget-text-editor\" data-id=\"a8430c2\" data-element_type=\"widget\" data-e-type=\"widget\" data-widget_type=\"text-editor.default\">\n\t\t\t\t<div class=\"elementor-widget-container\">\n\t\t\t\t\t\t\t\t\tPortes, finestres i revestiments que integren l&#8217;espai interior amb l&#8217;exterior de manera harm\u00f2nica\t\t\t\t\t\t\t\t<\/div>\n\t\t\t\t<\/div>\n\t\t\t\t<\/div>\n\t\t\t\t\t<\/div>\n\t\t\t\t<\/div>\n\t\t\t\t<\/div>\n\t\t<div class=\"elementor-element elementor-element-cf82a58 e-con-full e-flex e-con e-parent\" data-id=\"cf82a58\" data-element_type=\"container\" data-e-type=\"container\" data-settings=\"{&quot;background_background&quot;:&quot;classic&quot;}\">\n\t\t\t\t<div class=\"elementor-element elementor-element-fc499b4 animated-slow elementor-invisible elementor-widget elementor-widget-heading\" data-id=\"fc499b4\" data-element_type=\"widget\" data-e-type=\"widget\" data-settings=\"{&quot;_animation&quot;:&quot;fadeInUp&quot;}\" data-widget_type=\"heading.default\">\n\t\t\t\t<div class=\"elementor-widget-container\">\n\t\t\t\t\t<h2 class=\"elementor-heading-title elementor-size-default\">Treballs a mida. <br> Fusta de m\u00e9s qualitat. <br> Altres projectes.<\/h2>\t\t\t\t<\/div>\n\t\t\t\t<\/div>\n\t\t\t\t<\/div>\n\t\t\t\t<\/div>\n\t\t","protected":false},"excerpt":{"rendered":"<p>Nuestros servicios de carpinter\u00eda y ebanister\u00eda. Estamos a su disposici\u00f3n. &gt;&gt; Cocinas a medida. Dise\u00f1os personalizados que combinan est\u00e9tica y funcionalidad, adaptados a las necesidades y gustos de cada cliente. Armarios y vestuarios. Soluciones de almacenamiento eficientes y elegantes, optimizando el espacio disponible. Muebles a medida. Prendas \u00fanicas que aportan calidez y estilo a cualquier [&hellip;]<\/p>\n","protected":false},"author":1,"featured_media":0,"parent":0,"menu_order":0,"comment_status":"closed","ping_status":"closed","template":"","meta":{"footnotes":""},"class_list":["post-1374","page","type-page","status-publish","hentry"],"_links":{"self":[{"href":"https:\/\/animafusters.com\/es\/wp-json\/wp\/v2\/pages\/1374","targetHints":{"allow":["GET"]}}],"collection":[{"href":"https:\/\/animafusters.com\/es\/wp-json\/wp\/v2\/pages"}],"about":[{"href":"https:\/\/animafusters.com\/es\/wp-json\/wp\/v2\/types\/page"}],"author":[{"embeddable":true,"href":"https:\/\/animafusters.com\/es\/wp-json\/wp\/v2\/users\/1"}],"replies":[{"embeddable":true,"href":"https:\/\/animafusters.com\/es\/wp-json\/wp\/v2\/comments?post=1374"}],"version-history":[{"count":0,"href":"https:\/\/animafusters.com\/es\/wp-json\/wp\/v2\/pages\/1374\/revisions"}],"wp:attachment":[{"href":"https:\/\/animafusters.com\/es\/wp-json\/wp\/v2\/media?parent=1374"}],"curies":[{"name":"wp","href":"https:\/\/api.w.org\/{rel}","templated":true}]}}