{"id":1373,"date":"2025-03-10T12:37:22","date_gmt":"2025-03-10T11:37:22","guid":{"rendered":"https:\/\/animafusters.com\/sobre-nosotros\/"},"modified":"2026-03-24T17:53:24","modified_gmt":"2026-03-24T16:53:24","slug":"sobre-nosotros","status":"publish","type":"page","link":"https:\/\/animafusters.com\/es\/sobre-nosotros\/","title":{"rendered":"Sobre nosotros"},"content":{"rendered":"\t\t<div data-elementor-type=\"wp-page\" data-elementor-id=\"1373\" class=\"elementor elementor-1373 elementor-14\" data-elementor-post-type=\"page\">\n\t\t\t\t<div class=\"elementor-element elementor-element-7af45b1 e-con-full e-flex e-con e-parent\" data-id=\"7af45b1\" data-element_type=\"container\" data-e-type=\"container\" data-settings=\"{&quot;background_background&quot;:&quot;classic&quot;}\">\n\t\t<div class=\"elementor-element elementor-element-98bb35d e-flex e-con-boxed e-con e-child\" data-id=\"98bb35d\" data-element_type=\"container\" data-e-type=\"container\">\n\t\t\t\t\t<div class=\"e-con-inner\">\n\t\t\t\t<div class=\"elementor-element elementor-element-29e5a73 animated-slow elementor-invisible elementor-widget elementor-widget-heading\" data-id=\"29e5a73\" data-element_type=\"widget\" data-e-type=\"widget\" data-settings=\"{&quot;_animation&quot;:&quot;fadeInUp&quot;}\" data-widget_type=\"heading.default\">\n\t\t\t\t<div class=\"elementor-widget-container\">\n\t\t\t\t\t<h1 class=\"elementor-heading-title elementor-size-default\">El nom  \u00c0nima Fusters t\u00e9 un significat profund que uneix la nostra passi\u00f3 per l'ofici amb la t\u00e8cnica. \n<\/h1>\t\t\t\t<\/div>\n\t\t\t\t<\/div>\n\t\t\t\t<div class=\"elementor-element elementor-element-16e3073 elementor-align-left elementor-mobile-align-left animated-slow elementor-invisible elementor-widget elementor-widget-button\" data-id=\"16e3073\" data-element_type=\"widget\" data-e-type=\"widget\" data-settings=\"{&quot;_animation&quot;:&quot;fadeInUp&quot;}\" data-widget_type=\"button.default\">\n\t\t\t\t<div class=\"elementor-widget-container\">\n\t\t\t\t\t\t\t\t\t<div class=\"elementor-button-wrapper\">\n\t\t\t\t\t<a class=\"elementor-button elementor-button-link elementor-size-sm\" href=\"https:\/\/animafusters.com\/es\/contacto\/\">\n\t\t\t\t\t\t<span class=\"elementor-button-content-wrapper\">\n\t\t\t\t\t\t\t\t\t<span class=\"elementor-button-text\">Contacta amb nosaltres. &gt;&gt;<\/span>\n\t\t\t\t\t<\/span>\n\t\t\t\t\t<\/a>\n\t\t\t\t<\/div>\n\t\t\t\t\t\t\t\t<\/div>\n\t\t\t\t<\/div>\n\t\t\t\t\t<\/div>\n\t\t\t\t<\/div>\n\t\t<div class=\"elementor-element elementor-element-c5bb4cb e-flex e-con-boxed e-con e-child\" data-id=\"c5bb4cb\" data-element_type=\"container\" data-e-type=\"container\">\n\t\t\t\t\t<div class=\"e-con-inner\">\n\t\t\t\t<div class=\"elementor-element elementor-element-032d72b elementor-widget__width-initial elementor-widget-tablet__width-inherit animated-slow elementor-invisible elementor-widget elementor-widget-text-editor\" data-id=\"032d72b\" data-element_type=\"widget\" data-e-type=\"widget\" data-settings=\"{&quot;_animation&quot;:&quot;fadeInUp&quot;}\" data-widget_type=\"text-editor.default\">\n\t\t\t\t<div class=\"elementor-widget-container\">\n\t\t\t\t\t\t\t\t\t<p><span style=\"font-weight: 400;\">Som en&nbsp;<\/span><b>Xavi<\/b><span style=\"font-weight: 400;\">&nbsp;i&nbsp;<\/span><b>Ignasi<\/b><span style=\"font-weight: 400;\">, dos companys formats a l\u2019escola de fusteria amb m\u00e9s de 25 anys d\u2019experi\u00e8ncia en el sector, 5 dels quals hem passat al&nbsp;<\/span><b>Canad\u00e0<\/b><span style=\"font-weight: 400;\">, on vam poder aprofundir en t\u00e8cniques i materials d&#8217;alta qualitat. La nostra traject\u00f2ria ens ha perm\u00e8s adquirir un coneixement profund de la fusteria, i la nostra passi\u00f3 per aquest ofici ens empeny a oferir els millors serveis a mida per a la vostra llar o negoci.<\/span><\/p>\n<p><span style=\"font-weight: 400;\">A<\/span><b> \u00c0nima Fusters<\/b><span style=\"font-weight: 400;\">, ens comprometem a utilitzar materials locals i sostenibles, procurant sempre fer servir&nbsp;<\/span><b>magatzems de proximitat<\/b><span style=\"font-weight: 400;\">&nbsp;per respectar el medi ambient i donar suport als prove\u00efdors locals. Creiem en la import\u00e0ncia de crear mobles i solucions a mida amb materials que no nom\u00e9s siguin duradors i funcionals, sin\u00f3 tamb\u00e9 responsables amb el nostre entorn.<\/span><\/p>\t\t\t\t\t\t\t\t<\/div>\n\t\t\t\t<\/div>\n\t\t\t\t\t<\/div>\n\t\t\t\t<\/div>\n\t\t\t\t<\/div>\n\t\t<div class=\"elementor-element elementor-element-379c272 e-con-full e-flex e-con e-parent\" data-id=\"379c272\" data-element_type=\"container\" data-e-type=\"container\" data-settings=\"{&quot;background_background&quot;:&quot;classic&quot;}\">\n\t\t\t\t<div class=\"elementor-element elementor-element-b5f56cc animated-slow elementor-invisible elementor-widget elementor-widget-html\" data-id=\"b5f56cc\" data-element_type=\"widget\" data-e-type=\"widget\" data-settings=\"{&quot;_animation&quot;:&quot;fadeIn&quot;}\" data-widget_type=\"html.default\">\n\t\t\t\t<div class=\"elementor-widget-container\">\n\t\t\t\t\t<style>\n    .timeline-wrapper {\n      text-align: center;\n      padding: 40px 0;\n    }\n\n    .timeline-container {\n      position: relative;\n      width: 80%;\n      height: 2px;\n      background-color: #e0e0e0;\n      border-radius: 4px;\n      overflow: visible;\n      margin: 20px auto;\n    }\n\n    .timeline-progress {\n      position: absolute;\n      height: 100%;\n      background-color: #A07930;\n      width: 0%;\n      animation: grow 5s ease-out forwards;\n      z-index: 1;\n    }\n\n    .timeline-point {\n      position: absolute;\n      top: 50%;\n      transform: translate(-50%, -50%);\n      width: 16px;\n      height: 16px;\n      background-color: #A07930;\n      border-radius: 50%;\n      z-index: 2;\n    }\n\n    .timeline-point.start {\n      left: 0%;\n    }\n\n    .timeline-point.end {\n      left: 100%;\n    }\n\n    .timeline-label {\n      position: absolute;\n      top: -40px;\n      font-weight: 400;\n      font-size: 24px;\n      color: #A07930;\n      white-space: nowrap;\n      z-index: 3;\n    }\n\n    .timeline-label.start {\n      left: 0%;\n      transform: translateX(-50%);\n    }\n\n    .timeline-label.end {\n      left: 100%;\n      transform: translateX(-50%);\n    }\n\n    @keyframes grow {\n      to {\n        width: 100%;\n      }\n    }\n      @media (max-width: 600px) {\n      .timeline-container {\n        width: 8px;\n        height: 80vh;\n      }\n\n      .timeline-progress {\n        width: 100%;\n        height: 0%;\n        animation: grow-vertical 5s ease-out forwards;\n      }\n\n      .timeline-point.start {\n        top: 0%;\n        left: 50%;\n      }\n\n      .timeline-point.end {\n        top: 100%;\n        left: 50%;\n      }\n\n      .timeline-label {\n        left: calc(100% + 10px);\n        transform: translateY(-50%);\n      }\n\n      .timeline-label.start {\n        top: 0%;\n      }\n\n      .timeline-label.end {\n        top: 100%;\n      }\n    }\n  <\/style>\n<div class=\"timeline-wrapper\">\n    <div class=\"timeline-container\">\n      <div class=\"timeline-progress\"><\/div>\n      <div class=\"timeline-point start\"><\/div>\n      <div class=\"timeline-point end\"><\/div>\n      <div class=\"timeline-label start\">1997<\/div>\n      <div class=\"timeline-label end\">AVUI<\/div>\n    <\/div>\n  <\/div>\t\t\t\t<\/div>\n\t\t\t\t<\/div>\n\t\t\t\t<\/div>\n\t\t<div class=\"elementor-element elementor-element-feaba73 e-con-full e-flex e-con e-parent\" data-id=\"feaba73\" data-element_type=\"container\" data-e-type=\"container\" data-settings=\"{&quot;background_background&quot;:&quot;classic&quot;}\">\n\t\t\t\t<div class=\"elementor-element elementor-element-1a1dd47 elementor-widget__width-initial elementor-widget-tablet__width-inherit animated-slow elementor-invisible elementor-widget elementor-widget-text-editor\" data-id=\"1a1dd47\" data-element_type=\"widget\" data-e-type=\"widget\" data-settings=\"{&quot;_animation&quot;:&quot;fadeInUp&quot;}\" data-widget_type=\"text-editor.default\">\n\t\t\t\t<div class=\"elementor-widget-container\">\n\t\t\t\t\t\t\t\t\t<p>Amb m\u00e9s de 25 anys d\u2019experi\u00e8ncia, estem preparats per oferir-vos un servei de confian\u00e7a, basat en la proximitat, l\u2019atenci\u00f3 personalitzada i un treball ben fet. Ens encantar\u00e0 poder ajudar-vos a fer realitat els vostres projectes amb el millor acabat i la m\u00e0xima qualitat.<\/p>\t\t\t\t\t\t\t\t<\/div>\n\t\t\t\t<\/div>\n\t\t\t\t<\/div>\n\t\t<div class=\"elementor-element elementor-element-8483b00 e-con-full e-flex e-con e-parent\" data-id=\"8483b00\" data-element_type=\"container\" data-e-type=\"container\" data-settings=\"{&quot;background_background&quot;:&quot;classic&quot;}\">\n\t\t<div class=\"elementor-element elementor-element-05d0607 e-con-full e-flex e-con e-child\" data-id=\"05d0607\" data-element_type=\"container\" data-e-type=\"container\">\n\t\t<div class=\"elementor-element elementor-element-2a047f5 e-con-full e-flex e-con e-child\" data-id=\"2a047f5\" data-element_type=\"container\" data-e-type=\"container\">\n\t\t<div class=\"elementor-element elementor-element-38b4342 e-con-full e-flex e-con e-child\" data-id=\"38b4342\" data-element_type=\"container\" data-e-type=\"container\" data-settings=\"{&quot;background_background&quot;:&quot;classic&quot;}\">\n\t\t\t\t<\/div>\n\t\t<div class=\"elementor-element elementor-element-3e5c9c5 e-con-full e-flex e-con e-child\" data-id=\"3e5c9c5\" data-element_type=\"container\" data-e-type=\"container\">\n\t\t\t\t<div class=\"elementor-element elementor-element-96ef592 elementor-align-right elementor-mobile-align-left animated-slow elementor-widget elementor-widget-button\" data-id=\"96ef592\" data-element_type=\"widget\" data-e-type=\"widget\" data-settings=\"{&quot;_animation&quot;:&quot;none&quot;}\" data-widget_type=\"button.default\">\n\t\t\t\t<div class=\"elementor-widget-container\">\n\t\t\t\t\t\t\t\t\t<div class=\"elementor-button-wrapper\">\n\t\t\t\t\t<a class=\"elementor-button elementor-button-link elementor-size-sm\" href=\"https:\/\/animafusters.com\/projectes\/\">\n\t\t\t\t\t\t<span class=\"elementor-button-content-wrapper\">\n\t\t\t\t\t\t<span class=\"elementor-button-icon\">\n\t\t\t\t<svg xmlns=\"http:\/\/www.w3.org\/2000\/svg\" width=\"32\" height=\"32\" viewBox=\"0 0 32 32\" fill=\"none\"><path d=\"M17.3333 22.6666L24 15.9999L17.3333 9.33325M8 22.6666L14.6667 15.9999L8 9.33325\" stroke=\"white\" stroke-width=\"3\" stroke-linecap=\"round\" stroke-linejoin=\"round\"><\/path><\/svg>\t\t\t<\/span>\n\t\t\t\t\t\t\t\t\t<span class=\"elementor-button-text\">Veure projectes.<\/span>\n\t\t\t\t\t<\/span>\n\t\t\t\t\t<\/a>\n\t\t\t\t<\/div>\n\t\t\t\t\t\t\t\t<\/div>\n\t\t\t\t<\/div>\n\t\t\t\t<\/div>\n\t\t\t\t<\/div>\n\t\t\t\t<\/div>\n\t\t\t\t<\/div>\n\t\t\t\t<\/div>\n\t\t","protected":false},"excerpt":{"rendered":"<p>El nombre \u00c0nima Fusters tiene un significado profundo que une nuestra pasi\u00f3n por el oficio con la t\u00e9cnica. Contacta con nosotros. &gt;&gt; Soy Xavi, un carpintero formado en la escuela de carpinter\u00eda con m\u00e1s de 25 a\u00f1os de experiencia en el sector . Durante mi trayectoria, pas\u00e9 5 a\u00f1os en Canad\u00e1, donde pude profundizar en [&hellip;]<\/p>\n","protected":false},"author":1,"featured_media":0,"parent":0,"menu_order":0,"comment_status":"closed","ping_status":"closed","template":"","meta":{"footnotes":""},"class_list":["post-1373","page","type-page","status-publish","hentry"],"_links":{"self":[{"href":"https:\/\/animafusters.com\/es\/wp-json\/wp\/v2\/pages\/1373","targetHints":{"allow":["GET"]}}],"collection":[{"href":"https:\/\/animafusters.com\/es\/wp-json\/wp\/v2\/pages"}],"about":[{"href":"https:\/\/animafusters.com\/es\/wp-json\/wp\/v2\/types\/page"}],"author":[{"embeddable":true,"href":"https:\/\/animafusters.com\/es\/wp-json\/wp\/v2\/users\/1"}],"replies":[{"embeddable":true,"href":"https:\/\/animafusters.com\/es\/wp-json\/wp\/v2\/comments?post=1373"}],"version-history":[{"count":1,"href":"https:\/\/animafusters.com\/es\/wp-json\/wp\/v2\/pages\/1373\/revisions"}],"predecessor-version":[{"id":1424,"href":"https:\/\/animafusters.com\/es\/wp-json\/wp\/v2\/pages\/1373\/revisions\/1424"}],"wp:attachment":[{"href":"https:\/\/animafusters.com\/es\/wp-json\/wp\/v2\/media?parent=1373"}],"curies":[{"name":"wp","href":"https:\/\/api.w.org\/{rel}","templated":true}]}}